{"id":13,"date":"2020-05-31T06:16:07","date_gmt":"2020-05-31T06:16:07","guid":{"rendered":"https:\/\/jupiterx.artbees.net\/logistic\/?page_id=13"},"modified":"2025-05-21T15:49:57","modified_gmt":"2025-05-21T15:49:57","slug":"contact","status":"publish","type":"page","link":"https:\/\/dev-kronoz.lievant.com.mx\/en\/contact\/","title":{"rendered":"Contact"},"content":{"rendered":"<div data-elementor-type=\"wp-page\" data-elementor-id=\"13\" class=\"elementor elementor-13\">\n\t\t\t\t\t\t<section class=\"elementor-section elementor-top-section elementor-element elementor-element-6a65029 elementor-section-height-min-height elementor-section-items-stretch elementor-section-boxed elementor-section-height-default\" data-id=\"6a65029\" data-element_type=\"section\" data-settings=\"{&quot;jet_parallax_layout_list&quot;:[{&quot;jet_parallax_layout_image&quot;:{&quot;url&quot;:&quot;&quot;,&quot;id&quot;:&quot;&quot;,&quot;size&quot;:&quot;&quot;},&quot;_id&quot;:&quot;00edb25&quot;,&quot;jet_parallax_layout_image_tablet&quot;:{&quot;url&quot;:&quot;&quot;,&quot;id&quot;:&quot;&quot;,&quot;size&quot;:&quot;&quot;},&quot;jet_parallax_layout_image_mobile&quot;:{&quot;url&quot;:&quot;&quot;,&quot;id&quot;:&quot;&quot;,&quot;size&quot;:&quot;&quot;},&quot;jet_parallax_layout_speed&quot;:{&quot;unit&quot;:&quot;%&quot;,&quot;size&quot;:&quot;50&quot;,&quot;sizes&quot;:[]},&quot;jet_parallax_layout_bg_x&quot;:&quot;50&quot;,&quot;jet_parallax_layout_bg_y&quot;:&quot;50&quot;,&quot;jet_parallax_layout_type&quot;:&quot;scroll&quot;,&quot;jet_parallax_layout_direction&quot;:null,&quot;jet_parallax_layout_fx_direction&quot;:null,&quot;jet_parallax_layout_z_index&quot;:&quot;&quot;,&quot;jet_parallax_layout_bg_x_tablet&quot;:&quot;&quot;,&quot;jet_parallax_layout_bg_x_mobile&quot;:&quot;&quot;,&quot;jet_parallax_layout_bg_y_tablet&quot;:&quot;&quot;,&quot;jet_parallax_layout_bg_y_mobile&quot;:&quot;&quot;,&quot;jet_parallax_layout_bg_size&quot;:&quot;auto&quot;,&quot;jet_parallax_layout_bg_size_tablet&quot;:&quot;&quot;,&quot;jet_parallax_layout_bg_size_mobile&quot;:&quot;&quot;,&quot;jet_parallax_layout_animation_prop&quot;:&quot;transform&quot;,&quot;jet_parallax_layout_on&quot;:[&quot;desktop&quot;,&quot;tablet&quot;]}],&quot;background_background&quot;:&quot;classic&quot;}\">\n\t\t\t\t\t\t\t<div class=\"elementor-background-overlay\"><\/div>\n\t\t\t\t\t\t\t<div class=\"elementor-container elementor-column-gap-default\">\n\t\t\t\t\t<div class=\"elementor-column elementor-col-100 elementor-top-column elementor-element elementor-element-72b3843\" data-id=\"72b3843\" data-element_type=\"column\">\n\t\t\t<div class=\"elementor-widget-wrap elementor-element-populated\">\n\t\t\t\t\t\t<div class=\"elementor-element elementor-element-083d58c elementor-align-center elementor-widget elementor-widget-raven-heading\" data-id=\"083d58c\" data-element_type=\"widget\" data-widget_type=\"raven-heading.default\">\n\t\t\t\t<div class=\"elementor-widget-container\">\n\t\t\t\t\t\t\t<div class=\"raven-widget-wrapper\"><h1 class=\"raven-heading raven-heading-h1\"><span class=\"raven-heading-title\">Ready to optimize your logistics?<\/span><\/h1><\/div>\r\n\t\t\t\t\t\t<\/div>\n\t\t\t\t<\/div>\n\t\t\t\t\t<\/div>\n\t\t<\/div>\n\t\t\t\t\t<\/div>\n\t\t<\/section>\n\t\t\t\t<section class=\"elementor-section elementor-top-section elementor-element elementor-element-91d5d1a elementor-section-boxed elementor-section-height-default elementor-section-height-default\" data-id=\"91d5d1a\" data-element_type=\"section\" data-settings=\"{&quot;jet_parallax_layout_list&quot;:[{&quot;jet_parallax_layout_image&quot;:{&quot;url&quot;:&quot;&quot;,&quot;id&quot;:&quot;&quot;,&quot;size&quot;:&quot;&quot;},&quot;_id&quot;:&quot;58c6539&quot;,&quot;jet_parallax_layout_image_tablet&quot;:{&quot;url&quot;:&quot;&quot;,&quot;id&quot;:&quot;&quot;,&quot;size&quot;:&quot;&quot;},&quot;jet_parallax_layout_image_mobile&quot;:{&quot;url&quot;:&quot;&quot;,&quot;id&quot;:&quot;&quot;,&quot;size&quot;:&quot;&quot;},&quot;jet_parallax_layout_speed&quot;:{&quot;unit&quot;:&quot;%&quot;,&quot;size&quot;:&quot;50&quot;,&quot;sizes&quot;:[]},&quot;jet_parallax_layout_bg_x&quot;:&quot;50&quot;,&quot;jet_parallax_layout_bg_y&quot;:&quot;50&quot;,&quot;jet_parallax_layout_type&quot;:&quot;scroll&quot;,&quot;jet_parallax_layout_direction&quot;:null,&quot;jet_parallax_layout_fx_direction&quot;:null,&quot;jet_parallax_layout_z_index&quot;:&quot;&quot;,&quot;jet_parallax_layout_bg_x_tablet&quot;:&quot;&quot;,&quot;jet_parallax_layout_bg_x_mobile&quot;:&quot;&quot;,&quot;jet_parallax_layout_bg_y_tablet&quot;:&quot;&quot;,&quot;jet_parallax_layout_bg_y_mobile&quot;:&quot;&quot;,&quot;jet_parallax_layout_bg_size&quot;:&quot;auto&quot;,&quot;jet_parallax_layout_bg_size_tablet&quot;:&quot;&quot;,&quot;jet_parallax_layout_bg_size_mobile&quot;:&quot;&quot;,&quot;jet_parallax_layout_animation_prop&quot;:&quot;transform&quot;,&quot;jet_parallax_layout_on&quot;:[&quot;desktop&quot;,&quot;tablet&quot;]}]}\">\n\t\t\t\t\t\t<div class=\"elementor-container elementor-column-gap-default\">\n\t\t\t\t\t<div class=\"elementor-column elementor-col-50 elementor-top-column elementor-element elementor-element-98c21ca\" data-id=\"98c21ca\" data-element_type=\"column\">\n\t\t\t<div class=\"elementor-widget-wrap elementor-element-populated\">\n\t\t\t\t\t\t<div class=\"elementor-element elementor-element-1be6442 elementor-align-center elementor-widget elementor-widget-raven-heading\" data-id=\"1be6442\" data-element_type=\"widget\" data-widget_type=\"raven-heading.default\">\n\t\t\t\t<div class=\"elementor-widget-container\">\n\t\t\t\t\t\t\t<div class=\"raven-widget-wrapper\"><h2 class=\"raven-heading raven-heading-h2\"><span class=\"raven-heading-title\">Contact Us<\/span><\/h2><\/div>\r\n\t\t\t\t\t\t<\/div>\n\t\t\t\t<\/div>\n\t\t\t\t<div class=\"elementor-element elementor-element-4dba609 raven-form-button-align-spaced elementor-widget elementor-widget-raven-form\" data-id=\"4dba609\" data-element_type=\"widget\" data-settings=\"{&quot;fields&quot;:[{&quot;label&quot;:&quot;Empresa&quot;,&quot;field_custom_id&quot;:&quot;company&quot;,&quot;placeholder&quot;:&quot;Empresa&quot;,&quot;_id&quot;:&quot;0596973&quot;,&quot;acceptance_text&quot;:null,&quot;step_previous_button&quot;:null,&quot;step_next_button&quot;:null,&quot;required&quot;:&quot;true&quot;,&quot;width&quot;:&quot;50&quot;,&quot;type&quot;:&quot;text&quot;,&quot;recaptcha_badge&quot;:null,&quot;recaptcha_theme&quot;:null,&quot;recaptcha_size&quot;:null,&quot;checked_by_default&quot;:null,&quot;min_time&quot;:null,&quot;max_time&quot;:null,&quot;min_date&quot;:null,&quot;max_date&quot;:null,&quot;localization&quot;:null,&quot;min&quot;:null,&quot;max&quot;:null,&quot;field_options&quot;:null,&quot;inline_list&quot;:null,&quot;field_html&quot;:null,&quot;native_html5&quot;:null,&quot;multiple_selection&quot;:null,&quot;rows&quot;:null,&quot;iti_tel&quot;:null,&quot;iti_tel_tel_type&quot;:null,&quot;iti_tel_require_area&quot;:null,&quot;iti_tel_allow_dropdown&quot;:null,&quot;iti_tel_country_include&quot;:null,&quot;iti_tel_ip_detect&quot;:null,&quot;iti_tel_internationalize&quot;:null,&quot;file_sizes&quot;:null,&quot;file_types&quot;:null,&quot;allow_multiple_upload&quot;:null,&quot;max_files&quot;:null,&quot;step_icon&quot;:null,&quot;field_value&quot;:&quot;&quot;},{&quot;label&quot;:&quot;Nombre&quot;,&quot;field_custom_id&quot;:&quot;name&quot;,&quot;placeholder&quot;:&quot;Nombre&quot;,&quot;acceptance_text&quot;:null,&quot;step_previous_button&quot;:null,&quot;step_next_button&quot;:null,&quot;required&quot;:&quot;true&quot;,&quot;width&quot;:&quot;50&quot;,&quot;_id&quot;:&quot;66e0a3d&quot;,&quot;type&quot;:&quot;text&quot;,&quot;recaptcha_badge&quot;:null,&quot;recaptcha_theme&quot;:null,&quot;recaptcha_size&quot;:null,&quot;checked_by_default&quot;:null,&quot;min_time&quot;:null,&quot;max_time&quot;:null,&quot;min_date&quot;:null,&quot;max_date&quot;:null,&quot;localization&quot;:null,&quot;min&quot;:null,&quot;max&quot;:null,&quot;field_options&quot;:null,&quot;inline_list&quot;:null,&quot;field_html&quot;:null,&quot;native_html5&quot;:null,&quot;multiple_selection&quot;:null,&quot;rows&quot;:null,&quot;iti_tel&quot;:null,&quot;iti_tel_tel_type&quot;:null,&quot;iti_tel_require_area&quot;:null,&quot;iti_tel_allow_dropdown&quot;:null,&quot;iti_tel_country_include&quot;:null,&quot;iti_tel_ip_detect&quot;:null,&quot;iti_tel_internationalize&quot;:null,&quot;file_sizes&quot;:null,&quot;file_types&quot;:null,&quot;allow_multiple_upload&quot;:null,&quot;max_files&quot;:null,&quot;step_icon&quot;:null,&quot;field_value&quot;:&quot;&quot;},{&quot;label&quot;:&quot;Email&quot;,&quot;field_custom_id&quot;:&quot;email&quot;,&quot;type&quot;:&quot;email&quot;,&quot;placeholder&quot;:&quot;Email&quot;,&quot;required&quot;:&quot;true&quot;,&quot;_id&quot;:&quot;94685ae&quot;,&quot;acceptance_text&quot;:null,&quot;step_previous_button&quot;:null,&quot;step_next_button&quot;:null,&quot;recaptcha_badge&quot;:null,&quot;recaptcha_theme&quot;:null,&quot;recaptcha_size&quot;:null,&quot;checked_by_default&quot;:null,&quot;min_time&quot;:null,&quot;max_time&quot;:null,&quot;min_date&quot;:null,&quot;max_date&quot;:null,&quot;localization&quot;:null,&quot;min&quot;:null,&quot;max&quot;:null,&quot;field_options&quot;:null,&quot;inline_list&quot;:null,&quot;field_html&quot;:null,&quot;native_html5&quot;:null,&quot;multiple_selection&quot;:null,&quot;rows&quot;:null,&quot;iti_tel&quot;:null,&quot;iti_tel_tel_type&quot;:null,&quot;iti_tel_require_area&quot;:null,&quot;iti_tel_allow_dropdown&quot;:null,&quot;iti_tel_country_include&quot;:null,&quot;iti_tel_ip_detect&quot;:null,&quot;iti_tel_internationalize&quot;:null,&quot;file_sizes&quot;:null,&quot;file_types&quot;:null,&quot;allow_multiple_upload&quot;:null,&quot;max_files&quot;:null,&quot;step_icon&quot;:null,&quot;width&quot;:&quot;100&quot;,&quot;field_value&quot;:&quot;&quot;},{&quot;label&quot;:&quot;Tel\\u00e9fono de contacto&quot;,&quot;field_custom_id&quot;:&quot;number&quot;,&quot;type&quot;:&quot;tel&quot;,&quot;placeholder&quot;:&quot;Tel\\u00e9fono de contacto&quot;,&quot;_id&quot;:&quot;1a9b1b1&quot;,&quot;acceptance_text&quot;:null,&quot;step_previous_button&quot;:null,&quot;step_next_button&quot;:null,&quot;required&quot;:&quot;true&quot;,&quot;iti_tel&quot;:&quot;yes&quot;,&quot;iti_tel_country_include&quot;:[&quot;mx&quot;,&quot;us&quot;],&quot;recaptcha_badge&quot;:null,&quot;recaptcha_theme&quot;:null,&quot;recaptcha_size&quot;:null,&quot;checked_by_default&quot;:null,&quot;min_time&quot;:null,&quot;max_time&quot;:null,&quot;min_date&quot;:null,&quot;max_date&quot;:null,&quot;localization&quot;:null,&quot;min&quot;:null,&quot;max&quot;:null,&quot;field_options&quot;:null,&quot;inline_list&quot;:null,&quot;field_html&quot;:null,&quot;native_html5&quot;:null,&quot;multiple_selection&quot;:null,&quot;rows&quot;:null,&quot;iti_tel_tel_type&quot;:&quot;all&quot;,&quot;iti_tel_require_area&quot;:&quot;yes&quot;,&quot;iti_tel_allow_dropdown&quot;:&quot;yes&quot;,&quot;iti_tel_ip_detect&quot;:&quot;yes&quot;,&quot;iti_tel_internationalize&quot;:&quot;&quot;,&quot;file_sizes&quot;:null,&quot;file_types&quot;:null,&quot;allow_multiple_upload&quot;:null,&quot;max_files&quot;:null,&quot;step_icon&quot;:null,&quot;width&quot;:&quot;100&quot;,&quot;field_value&quot;:&quot;&quot;},{&quot;_id&quot;:&quot;fcd919c&quot;,&quot;type&quot;:&quot;radio&quot;,&quot;label&quot;:&quot;Servicios Requeridos&quot;,&quot;acceptance_text&quot;:null,&quot;field_options&quot;:&quot;Flete terrestre\\nFlete mar\\u00edtimo\\nTransporte a\\u00e9reo\\nTransporte especializado&quot;,&quot;inline_list&quot;:&quot;raven-subgroup-inline&quot;,&quot;required&quot;:&quot;true&quot;,&quot;step_previous_button&quot;:null,&quot;step_next_button&quot;:null,&quot;field_custom_id&quot;:&quot;service&quot;,&quot;placeholder&quot;:null,&quot;recaptcha_badge&quot;:null,&quot;recaptcha_theme&quot;:null,&quot;recaptcha_size&quot;:null,&quot;checked_by_default&quot;:null,&quot;min_time&quot;:null,&quot;max_time&quot;:null,&quot;min_date&quot;:null,&quot;max_date&quot;:null,&quot;localization&quot;:null,&quot;min&quot;:null,&quot;max&quot;:null,&quot;field_html&quot;:null,&quot;native_html5&quot;:null,&quot;multiple_selection&quot;:null,&quot;rows&quot;:null,&quot;iti_tel&quot;:null,&quot;iti_tel_tel_type&quot;:null,&quot;iti_tel_require_area&quot;:null,&quot;iti_tel_allow_dropdown&quot;:null,&quot;iti_tel_country_include&quot;:null,&quot;iti_tel_ip_detect&quot;:null,&quot;iti_tel_internationalize&quot;:null,&quot;file_sizes&quot;:null,&quot;file_types&quot;:null,&quot;allow_multiple_upload&quot;:null,&quot;max_files&quot;:null,&quot;step_icon&quot;:null,&quot;width&quot;:&quot;100&quot;,&quot;field_value&quot;:null}],&quot;steps_type&quot;:&quot;number&quot;,&quot;steps_icon_shape&quot;:&quot;circle&quot;}\" data-widget_type=\"raven-form.default\">\n\t\t\t\t<div class=\"elementor-widget-container\">\n\t\t\t\t\t\t\t<form class=\"raven-form raven-flex raven-flex-wrap raven-flex-bottom\" method=\"post\" name=\"Contact Form\" action=\"\">\r\n\t\t\t<input type=\"hidden\" name=\"post_id\" value=\"13\" \/>\r\n\t\t\t<input type=\"hidden\" name=\"form_id\" value=\"4dba609\" \/>\r\n\t\t\t\t\t<div id=\"raven-field-group-0596973\" class=\"raven-flex-wrap raven-field-type-text raven-field-group elementor-column elementor-col-50 raven-field-required\">\r\n\t\t\t\t\t<input\r\n\t\t\toninput=\"onInvalidRavenFormField(event)\"\r\n\t\t\toninvalid=\"onInvalidRavenFormField(event)\"\r\n\t\t\ttype=\"text\" name=\"fields[0596973]\" id=\"form-field-0596973\" class=\"raven-field\" placeholder=\"Company\" data-type=\"text\" required=\"required\">\r\n\t\t\t\t<\/div>\r\n\t\t\t\t<div id=\"raven-field-group-66e0a3d\" class=\"raven-flex-wrap raven-field-type-text raven-field-group elementor-column elementor-col-50 raven-field-required\">\r\n\t\t\t\t\t<input\r\n\t\t\toninput=\"onInvalidRavenFormField(event)\"\r\n\t\t\toninvalid=\"onInvalidRavenFormField(event)\"\r\n\t\t\ttype=\"text\" name=\"fields[66e0a3d]\" id=\"form-field-66e0a3d\" class=\"raven-field\" placeholder=\"Name\" data-type=\"text\" required=\"required\">\r\n\t\t\t\t<\/div>\r\n\t\t\t\t<div id=\"raven-field-group-94685ae\" class=\"raven-flex-wrap raven-field-type-email raven-field-group elementor-column elementor-col-100 raven-field-required\">\r\n\t\t\t\t\t<input\r\n\t\t\toninput=\"onInvalidRavenFormField(event)\"\r\n\t\t\toninvalid=\"onInvalidRavenFormField(event)\"\r\n\t\t\ttype=\"email\" name=\"fields[94685ae]\" id=\"form-field-94685ae\" class=\"raven-field\" placeholder=\"Email\" data-type=\"email\" required=\"required\">\r\n\t\t\t\t<\/div>\r\n\t\t\t\t<div id=\"raven-field-group-1a9b1b1\" class=\"raven-flex-wrap raven-field-type-tel raven-field-group elementor-column elementor-col-100 raven-field-required\">\r\n\t\t\t\t\t<input\r\n\t\t\toninput=\"onInvalidRavenFormField(event)\"\r\n\t\t\toninvalid=\"onInvalidRavenFormField(event)\"\r\n\t\t\ttype=\"tel\" name=\"fields[1a9b1b1]\" id=\"form-field-1a9b1b1\" class=\"raven-field\" placeholder=\"Contact phone\" data-type=\"tel\" required=\"required\" pattern=\"^[0-9\\-\\+\\s\\(\\)]*$\" title=\"The value should only consist numbers and phone characters (-, +, (), etc)\" data-iti-tel=\"\" data-iti-ip-detect=\"\" data-iti-area-required=\"\" data-iti-allow-dropdown=\"\" data-iti-country-include=\"mx us\" data-iti-tel-type=\"all\">\r\n\t\t\t\t<\/div>\r\n\t\t\t\t<div id=\"raven-field-group-fcd919c\" class=\"raven-flex-wrap raven-field-type-radio raven-field-group elementor-column elementor-col-100 raven-field-required\">\r\n\t\t\t<div class=\"raven-field-subgroup raven-subgroup-inline\"><span class=\"raven-field-option\"><input type=\"radio\" value=\"Flete terrestre\" id=\"form-field-fcd919c-0-ili7\" name=\"fields[fcd919c][]\"  class=\"raven-field\"> <label for=\"form-field-fcd919c-0-ili7\" class=\"raven-field-label raven-field-option-label\">Land freight<\/label><\/span><span class=\"raven-field-option\"><input type=\"radio\" value=\"Flete mar\u00edtimo\" id=\"form-field-fcd919c-1-ili7\" name=\"fields[fcd919c][]\"  class=\"raven-field\"> <label for=\"form-field-fcd919c-1-ili7\" class=\"raven-field-label raven-field-option-label\">Sea freight<\/label><\/span><span class=\"raven-field-option\"><input type=\"radio\" value=\"Transporte a\u00e9reo\" id=\"form-field-fcd919c-2-ili7\" name=\"fields[fcd919c][]\"  class=\"raven-field\"> <label for=\"form-field-fcd919c-2-ili7\" class=\"raven-field-label raven-field-option-label\">Air transport<\/label><\/span><span class=\"raven-field-option\"><input type=\"radio\" value=\"Transporte especializado\" id=\"form-field-fcd919c-3-ili7\" name=\"fields[fcd919c][]\"  class=\"raven-field\"> <label for=\"form-field-fcd919c-3-ili7\" class=\"raven-field-label raven-field-option-label\">Specialized transport<\/label><\/span><\/div>\t\t<\/div>\r\n\t\t\t\t\t\t\t<div class=\"raven-field-group raven-field-type-submit-button elementor-column elementor-col-100\">\r\n\t\t\t\t\t\t\t\t\t<button class=\"raven-submit-button\" type=\"submit\">\r\n\t\t\t\t\t\t<span>Contact us now<\/span>\r\n\t\t<\/button>\r\n\t\t\t\t\t\t\t<\/div>\r\n\t\t\t\t<input type=\"hidden\" name=\"trp-form-language\" value=\"en\"\/><\/form>\r\n\r\n\t\t\t\t\t\t\t\t<\/div>\n\t\t\t\t<\/div>\n\t\t\t\t\t<\/div>\n\t\t<\/div>\n\t\t\t\t<div class=\"elementor-column elementor-col-50 elementor-top-column elementor-element elementor-element-876920e\" data-id=\"876920e\" data-element_type=\"column\">\n\t\t\t<div class=\"elementor-widget-wrap elementor-element-populated\">\n\t\t\t\t\t\t<div data-raven-element-link=\"{&quot;url&quot;:&quot;mailyo:ventas@kronoz.com&quot;,&quot;is_external&quot;:&quot;&quot;,&quot;nofollow&quot;:&quot;&quot;,&quot;custom_attributes&quot;:&quot;&quot;}\" style=\"cursor: pointer\" class=\"elementor-element elementor-element-07d5383 elementor-view-default elementor-position-top elementor-mobile-position-top elementor-widget elementor-widget-icon-box\" data-id=\"07d5383\" data-element_type=\"widget\" data-widget_type=\"icon-box.default\">\n\t\t\t\t<div class=\"elementor-widget-container\">\n\t\t\t\t\t\t\t<div class=\"elementor-icon-box-wrapper\">\n\n\t\t\t\t\t\t<div class=\"elementor-icon-box-icon\">\n\t\t\t\t<a href=\"mailto:ventas@kronoz.com\" class=\"elementor-icon\" tabindex=\"-1\" aria-label=\"Email address\">\n\t\t\t\t<svg aria-hidden=\"true\" class=\"e-font-icon-svg e-fas-envelope\" viewbox=\"0 0 512 512\" xmlns=\"http:\/\/www.w3.org\/2000\/svg\"><path d=\"M502.3 190.8c3.9-3.1 9.7-.2 9.7 4.7V400c0 26.5-21.5 48-48 48H48c-26.5 0-48-21.5-48-48V195.6c0-5 5.7-7.8 9.7-4.7 22.4 17.4 52.1 39.5 154.1 113.6 21.1 15.4 56.7 47.8 92.2 47.6 35.7.3 72-32.8 92.3-47.6 102-74.1 131.6-96.3 154-113.7zM256 320c23.2.4 56.6-29.2 73.4-41.4 132.7-96.3 142.8-104.7 173.4-128.7 5.8-4.5 9.2-11.5 9.2-18.9v-19c0-26.5-21.5-48-48-48H48C21.5 64 0 85.5 0 112v19c0 7.4 3.4 14.3 9.2 18.9 30.6 23.9 40.7 32.4 173.4 128.7 16.8 12.2 50.2 41.8 73.4 41.4z\"><\/path><\/svg>\t\t\t\t<\/a>\n\t\t\t<\/div>\n\t\t\t\n\t\t\t\t\t\t<div class=\"elementor-icon-box-content\">\n\n\t\t\t\t\t\t\t\t\t<h3 class=\"elementor-icon-box-title\">\n\t\t\t\t\t\t<a href=\"mailto:ventas@kronoz.com\" >\n\t\t\t\t\t\t\tEmail address\t\t\t\t\t\t<\/a>\n\t\t\t\t\t<\/h3>\n\t\t\t\t\n\t\t\t\t\t\t\t\t\t<p class=\"elementor-icon-box-description\">\n\t\t\t\t\t\tventas@kronoz.com\t\t\t\t\t<\/p>\n\t\t\t\t\n\t\t\t<\/div>\n\t\t\t\n\t\t<\/div>\n\t\t\t\t\t\t<\/div>\n\t\t\t\t<\/div>\n\t\t\t\t<div data-raven-element-link=\"{&quot;url&quot;:&quot;mailyo:ventas@kronoz.com&quot;,&quot;is_external&quot;:&quot;&quot;,&quot;nofollow&quot;:&quot;&quot;,&quot;custom_attributes&quot;:&quot;&quot;}\" style=\"cursor: pointer\" class=\"elementor-element elementor-element-5b18b94 elementor-view-default elementor-position-top elementor-mobile-position-top elementor-widget elementor-widget-icon-box\" data-id=\"5b18b94\" data-element_type=\"widget\" data-widget_type=\"icon-box.default\">\n\t\t\t\t<div class=\"elementor-widget-container\">\n\t\t\t\t\t\t\t<div class=\"elementor-icon-box-wrapper\">\n\n\t\t\t\t\t\t<div class=\"elementor-icon-box-icon\">\n\t\t\t\t<a href=\"tel:+528181151572\" class=\"elementor-icon\" tabindex=\"-1\" aria-label=\"Phone number\">\n\t\t\t\t<svg aria-hidden=\"true\" class=\"e-font-icon-svg e-fas-phone-alt\" viewbox=\"0 0 512 512\" xmlns=\"http:\/\/www.w3.org\/2000\/svg\"><path d=\"M497.39 361.8l-112-48a24 24 0 0 0-28 6.9l-49.6 60.6A370.66 370.66 0 0 1 130.6 204.11l60.6-49.6a23.94 23.94 0 0 0 6.9-28l-48-112A24.16 24.16 0 0 0 122.6.61l-104 24A24 24 0 0 0 0 48c0 256.5 207.9 464 464 464a24 24 0 0 0 23.4-18.6l24-104a24.29 24.29 0 0 0-14.01-27.6z\"><\/path><\/svg>\t\t\t\t<\/a>\n\t\t\t<\/div>\n\t\t\t\n\t\t\t\t\t\t<div class=\"elementor-icon-box-content\">\n\n\t\t\t\t\t\t\t\t\t<h3 class=\"elementor-icon-box-title\">\n\t\t\t\t\t\t<a href=\"tel:+528181151572\" >\n\t\t\t\t\t\t\tPhone number\t\t\t\t\t\t<\/a>\n\t\t\t\t\t<\/h3>\n\t\t\t\t\n\t\t\t\t\t\t\t\t\t<p class=\"elementor-icon-box-description\">\n\t\t\t\t\t\t\n+52 (81) 8115 15 72\n\t\t\t\t\t<\/p>\n\t\t\t\t\n\t\t\t<\/div>\n\t\t\t\n\t\t<\/div>\n\t\t\t\t\t\t<\/div>\n\t\t\t\t<\/div>\n\t\t\t\t\t<\/div>\n\t\t<\/div>\n\t\t\t\t\t<\/div>\n\t\t<\/section>\n\t\t\t\t<\/div>","protected":false},"excerpt":{"rendered":"<p>\u00bfListo para optimizar tu log\u00edstica? Cont\u00e1ctanos Flete terrestre Flete mar\u00edtimo Transporte a\u00e9reo Transporte especializado Cont\u00e1ctanos ahora Direcci\u00f3n de correo ventas@kronoz.com N\u00famero de tel\u00e9fono +52 (81) 8115 15 72<\/p>","protected":false},"author":1,"featured_media":0,"parent":0,"menu_order":0,"comment_status":"closed","ping_status":"closed","template":"elementor_header_footer","meta":{"_acf_changed":false,"footnotes":""},"class_list":["post-13","page","type-page","status-publish","hentry"],"acf":[],"_links":{"self":[{"href":"https:\/\/dev-kronoz.lievant.com.mx\/en\/wp-json\/wp\/v2\/pages\/13","targetHints":{"allow":["GET"]}}],"collection":[{"href":"https:\/\/dev-kronoz.lievant.com.mx\/en\/wp-json\/wp\/v2\/pages"}],"about":[{"href":"https:\/\/dev-kronoz.lievant.com.mx\/en\/wp-json\/wp\/v2\/types\/page"}],"author":[{"embeddable":true,"href":"https:\/\/dev-kronoz.lievant.com.mx\/en\/wp-json\/wp\/v2\/users\/1"}],"replies":[{"embeddable":true,"href":"https:\/\/dev-kronoz.lievant.com.mx\/en\/wp-json\/wp\/v2\/comments?post=13"}],"version-history":[{"count":46,"href":"https:\/\/dev-kronoz.lievant.com.mx\/en\/wp-json\/wp\/v2\/pages\/13\/revisions"}],"predecessor-version":[{"id":1538,"href":"https:\/\/dev-kronoz.lievant.com.mx\/en\/wp-json\/wp\/v2\/pages\/13\/revisions\/1538"}],"wp:attachment":[{"href":"https:\/\/dev-kronoz.lievant.com.mx\/en\/wp-json\/wp\/v2\/media?parent=13"}],"curies":[{"name":"wp","href":"https:\/\/api.w.org\/{rel}","templated":true}]}}